{"id":59,"date":"2024-11-03T19:09:12","date_gmt":"2024-11-03T19:09:12","guid":{"rendered":"https:\/\/precieusecollections.com\/?post_type=product&#038;p=59"},"modified":"2026-01-03T10:39:23","modified_gmt":"2026-01-03T09:39:23","slug":"livre-audio","status":"publish","type":"product","link":"https:\/\/precieusecollections.com\/?product=livre-audio","title":{"rendered":"Au plus pr\u00e8s d&rsquo;Allah &#8211; Livre Sonore"},"content":{"rendered":"<p><img loading=\"lazy\" decoding=\"async\" src=\"https:\/\/precieusecollections.com\/wp-content\/uploads\/2024\/11\/Autonomie-motricite-300x168.png\" alt=\"\" width=\"300\" height=\"168\" class=\"alignnone size-medium wp-image-76\" srcset=\"https:\/\/precieusecollections.com\/wp-content\/uploads\/2024\/11\/Autonomie-motricite-300x168.png 300w, https:\/\/precieusecollections.com\/wp-content\/uploads\/2024\/11\/Autonomie-motricite-416x232.png 416w, https:\/\/precieusecollections.com\/wp-content\/uploads\/2024\/11\/Autonomie-motricite.png 680w\" sizes=\"(max-width: 300px) 100vw, 300px\" \/><\/p>\n<p><img loading=\"lazy\" decoding=\"async\" src=\"https:\/\/precieusecollections.com\/wp-content\/uploads\/2024\/11\/Al-Ikhlass1-300x168.png\" alt=\"\" width=\"300\" height=\"168\" class=\"alignnone size-medium wp-image-81\" srcset=\"https:\/\/precieusecollections.com\/wp-content\/uploads\/2024\/11\/Al-Ikhlass1-300x168.png 300w, https:\/\/precieusecollections.com\/wp-content\/uploads\/2024\/11\/Al-Ikhlass1-416x232.png 416w, https:\/\/precieusecollections.com\/wp-content\/uploads\/2024\/11\/Al-Ikhlass1.png 680w\" sizes=\"(max-width: 300px) 100vw, 300px\" \/><br \/>\nUn livre qui convient pour les grands comme les touts petits.<br \/>\nIl n&rsquo;y a pas d&rsquo;\u00e2ge, pour se familiariser \u00e0 l&rsquo;\u00e9coute des sourates, ce livre et \u00e9galement con\u00e7ut afin de d\u00e9velopper sa motricit\u00e9 fine \u00e0 travers les vignettes, son sens de l&rsquo;observation sera mis \u00e0 rude \u00e9preuve!<br \/>\nAppuie, \u00e9coute puis r\u00e9cite \u00e0 ton tour !<br \/>\nTu trouveras dans ton ouvrage 8 sourates: <\/p>\n<p>Al Fatiha &#8211; Ayat Al Kursi &#8211; Al Asr &#8211; Al Kawtar &#8211; An Nasr &#8211; Al Ikhlas &#8211; Al Falaq &#8211; An Nas.<\/p>\n<p>Parmis elles, les trois derni\u00e8re petites sourates protectrices \u00e0 r\u00e9citer avant de dormir.<br \/>\n A toi de jouer ! \ud83d\ude09<\/p>\n<p>PILES DE DEMONSTRATION INCLUSES<br \/>\nPILES AAA \u00c0 PR\u00c9VOIR ! (Type duracell)<\/p>\n<p>Pour une optimisastion du d\u00e9lai de traitement, n&rsquo;oubliez pas d&rsquo;inscrire votre num\u00e9ro de t\u00e9l\u00e9phone!<\/p>\n","protected":false},"excerpt":{"rendered":"<p>Ecouter, lire, toucher. Un livre sonore qui vous permettra \u00e0 vous et \u00e0 votre enfant de vous familiariser avec l&rsquo;\u00e9coute et la lecture des sourates du coran. Un moyen ludique et p\u00e9dagogique de s&rsquo;en impr\u00e9gner en douceur ! <\/p>\n","protected":false},"featured_media":78,"comment_status":"open","ping_status":"closed","template":"","meta":[],"product_cat":[16],"product_tag":[18],"class_list":{"0":"post-59","1":"product","2":"type-product","3":"status-publish","4":"has-post-thumbnail","6":"product_cat-livre","7":"product_tag-livre-sonore","9":"first","10":"outofstock","11":"shipping-taxable","12":"purchasable","13":"product-type-simple"},"_links":{"self":[{"href":"https:\/\/precieusecollections.com\/index.php?rest_route=\/wp\/v2\/product\/59"}],"collection":[{"href":"https:\/\/precieusecollections.com\/index.php?rest_route=\/wp\/v2\/product"}],"about":[{"href":"https:\/\/precieusecollections.com\/index.php?rest_route=\/wp\/v2\/types\/product"}],"replies":[{"embeddable":true,"href":"https:\/\/precieusecollections.com\/index.php?rest_route=%2Fwp%2Fv2%2Fcomments&post=59"}],"wp:featuredmedia":[{"embeddable":true,"href":"https:\/\/precieusecollections.com\/index.php?rest_route=\/wp\/v2\/media\/78"}],"wp:attachment":[{"href":"https:\/\/precieusecollections.com\/index.php?rest_route=%2Fwp%2Fv2%2Fmedia&parent=59"}],"wp:term":[{"taxonomy":"product_cat","embeddable":true,"href":"https:\/\/precieusecollections.com\/index.php?rest_route=%2Fwp%2Fv2%2Fproduct_cat&post=59"},{"taxonomy":"product_tag","embeddable":true,"href":"https:\/\/precieusecollections.com\/index.php?rest_route=%2Fwp%2Fv2%2Fproduct_tag&post=59"}],"curies":[{"name":"wp","href":"https:\/\/api.w.org\/{rel}","templated":true}]}}